{"id":416,"date":"2021-08-07T15:38:49","date_gmt":"2021-08-07T15:38:49","guid":{"rendered":"http:\/\/funeralessanfrancisco.com\/?post_type=product&#038;p=416"},"modified":"2021-12-10T02:42:43","modified_gmt":"2021-12-10T02:42:43","slug":"semi-italiana","status":"publish","type":"product","link":"https:\/\/funeralessanfrancisco.com\/?product=semi-italiana","title":{"rendered":"Semi-Italiana"},"content":{"rendered":"<p>Afiliados a Aseguradoras de: BANRURAL, Magisterial, Banco G&amp;T, MI COOPE, AyD, Asistencia Funeraria G\u00e9nesis Empresarial y PNC. <i class=\"fab fa-cc-visa\"><\/i> <i class=\"fab fa-cc-mastercard\"><\/i><\/p>\n","protected":false},"excerpt":{"rendered":"<p>SERVICIO FUNERARIO<\/p>\n<ul>\n<li>4 Candeleros (con sus candelas)<\/li>\n<li>4 Floreros (con sus flores naturales)<\/li>\n<li>2 Torcheros<\/li>\n<li>1 Pedestal<\/li>\n<li>1 Cristo o Biblia<\/li>\n<li>1 Altar<\/li>\n<li>Preparaci\u00f3n para 24hrs<\/li>\n<li>200 Sillas<\/li>\n<li>Anuncios en Facebook<\/li>\n<li>1 Fotograf\u00eda (ampliaci\u00f3n 8*10)<\/li>\n<li>1 Fotograf\u00eda (ampliaci\u00f3n manta vin\u00edlica)<\/li>\n<li>Carroza f\u00fanebre<\/li>\n<li>Refrigerio en el cementerio<\/li>\n<li>2 Toldos<\/li>\n<li>3 Jarrillas<\/li>\n<li>3 Azafates<\/li>\n<\/ul>\n","protected":false},"featured_media":527,"comment_status":"open","ping_status":"closed","template":"","meta":{"neve_meta_sidebar":"","neve_meta_container":"","neve_meta_enable_content_width":"","neve_meta_content_width":0,"neve_meta_title_alignment":"","neve_meta_author_avatar":"","neve_post_elements_order":"","neve_meta_disable_header":"","neve_meta_disable_footer":"","neve_meta_disable_title":"","_joinchat":[]},"product_brand":[],"product_cat":[20],"product_tag":[29,31,28],"class_list":{"0":"post-416","1":"product","2":"type-product","3":"status-publish","4":"has-post-thumbnail","6":"product_cat-paquete-funerario","7":"product_tag-ataud","8":"product_tag-caja-funebre","9":"product_tag-funeraria","11":"first","12":"instock","13":"shipping-taxable","14":"product-type-simple"},"_links":{"self":[{"href":"https:\/\/funeralessanfrancisco.com\/index.php?rest_route=\/wp\/v2\/product\/416","targetHints":{"allow":["GET"]}}],"collection":[{"href":"https:\/\/funeralessanfrancisco.com\/index.php?rest_route=\/wp\/v2\/product"}],"about":[{"href":"https:\/\/funeralessanfrancisco.com\/index.php?rest_route=\/wp\/v2\/types\/product"}],"replies":[{"embeddable":true,"href":"https:\/\/funeralessanfrancisco.com\/index.php?rest_route=%2Fwp%2Fv2%2Fcomments&post=416"}],"wp:featuredmedia":[{"embeddable":true,"href":"https:\/\/funeralessanfrancisco.com\/index.php?rest_route=\/wp\/v2\/media\/527"}],"wp:attachment":[{"href":"https:\/\/funeralessanfrancisco.com\/index.php?rest_route=%2Fwp%2Fv2%2Fmedia&parent=416"}],"wp:term":[{"taxonomy":"product_brand","embeddable":true,"href":"https:\/\/funeralessanfrancisco.com\/index.php?rest_route=%2Fwp%2Fv2%2Fproduct_brand&post=416"},{"taxonomy":"product_cat","embeddable":true,"href":"https:\/\/funeralessanfrancisco.com\/index.php?rest_route=%2Fwp%2Fv2%2Fproduct_cat&post=416"},{"taxonomy":"product_tag","embeddable":true,"href":"https:\/\/funeralessanfrancisco.com\/index.php?rest_route=%2Fwp%2Fv2%2Fproduct_tag&post=416"}],"curies":[{"name":"wp","href":"https:\/\/api.w.org\/{rel}","templated":true}]}}