{"id":282,"date":"2021-06-10T19:34:20","date_gmt":"2021-06-10T19:34:20","guid":{"rendered":"http:\/\/funeralessanfrancisco.com\/?page_id=282"},"modified":"2022-05-20T21:48:09","modified_gmt":"2022-05-20T21:48:09","slug":"obiturarios","status":"publish","type":"page","link":"https:\/\/funeralessanfrancisco.com\/?page_id=282","title":{"rendered":"Obiturarios"},"content":{"rendered":"\t\t<div data-elementor-type=\"wp-page\" data-elementor-id=\"282\" class=\"elementor elementor-282\">\n\t\t\t\t\t\t<section class=\"elementor-section elementor-top-section elementor-element elementor-element-d1036db elementor-section-full_width elementor-section-height-min-height elementor-section-stretched elementor-section-height-default elementor-section-items-middle\" data-id=\"d1036db\" data-element_type=\"section\" data-e-type=\"section\" data-settings=\"{&quot;stretch_section&quot;:&quot;section-stretched&quot;,&quot;background_background&quot;:&quot;classic&quot;}\">\n\t\t\t\t\t\t<div class=\"elementor-container elementor-column-gap-default\">\n\t\t\t\t\t<div class=\"elementor-column elementor-col-33 elementor-top-column elementor-element elementor-element-9aff16b\" data-id=\"9aff16b\" data-element_type=\"column\" data-e-type=\"column\">\n\t\t\t<div class=\"elementor-widget-wrap\">\n\t\t\t\t\t\t\t<\/div>\n\t\t<\/div>\n\t\t\t\t<div class=\"elementor-column elementor-col-33 elementor-top-column elementor-element elementor-element-56affe4\" data-id=\"56affe4\" data-element_type=\"column\" data-e-type=\"column\">\n\t\t\t<div class=\"elementor-widget-wrap elementor-element-populated\">\n\t\t\t\t\t\t<div class=\"elementor-element elementor-element-2aebd69 elementor-widget elementor-widget-heading\" data-id=\"2aebd69\" data-element_type=\"widget\" data-e-type=\"widget\" data-settings=\"{&quot;_animation&quot;:&quot;none&quot;}\" data-widget_type=\"heading.default\">\n\t\t\t\t<div class=\"elementor-widget-container\">\n\t\t\t\t\t<h1 class=\"elementor-heading-title elementor-size-default\">Obituarios<\/h1>\t\t\t\t<\/div>\n\t\t\t\t<\/div>\n\t\t\t\t\t<\/div>\n\t\t<\/div>\n\t\t\t\t<div class=\"elementor-column elementor-col-33 elementor-top-column elementor-element elementor-element-6f3858b\" data-id=\"6f3858b\" data-element_type=\"column\" data-e-type=\"column\">\n\t\t\t<div class=\"elementor-widget-wrap\">\n\t\t\t\t\t\t\t<\/div>\n\t\t<\/div>\n\t\t\t\t\t<\/div>\n\t\t<\/section>\n\t\t\t\t<section class=\"elementor-section elementor-top-section elementor-element elementor-element-bbc1c7d elementor-section-boxed elementor-section-height-default elementor-section-height-default\" data-id=\"bbc1c7d\" data-element_type=\"section\" data-e-type=\"section\">\n\t\t\t\t\t\t<div class=\"elementor-container elementor-column-gap-default\">\n\t\t\t\t\t<div class=\"elementor-column elementor-col-100 elementor-top-column elementor-element elementor-element-9c6ebca\" data-id=\"9c6ebca\" data-element_type=\"column\" data-e-type=\"column\">\n\t\t\t<div class=\"elementor-widget-wrap\">\n\t\t\t\t\t\t\t<\/div>\n\t\t<\/div>\n\t\t\t\t\t<\/div>\n\t\t<\/section>\n\t\t\t\t<section class=\"elementor-section elementor-top-section elementor-element elementor-element-ae05d8b elementor-section-boxed elementor-section-height-default elementor-section-height-default\" data-id=\"ae05d8b\" data-element_type=\"section\" data-e-type=\"section\">\n\t\t\t\t\t\t<div class=\"elementor-container elementor-column-gap-default\">\n\t\t\t\t\t<div class=\"elementor-column elementor-col-100 elementor-top-column elementor-element elementor-element-7a755b3\" data-id=\"7a755b3\" data-element_type=\"column\" data-e-type=\"column\">\n\t\t\t<div class=\"elementor-widget-wrap elementor-element-populated\">\n\t\t\t\t\t\t<div class=\"elementor-element elementor-element-6880677 elementor-widget elementor-widget-spacer\" data-id=\"6880677\" data-element_type=\"widget\" data-e-type=\"widget\" data-widget_type=\"spacer.default\">\n\t\t\t\t<div class=\"elementor-widget-container\">\n\t\t\t\t\t\t\t<div class=\"elementor-spacer\">\n\t\t\t<div class=\"elementor-spacer-inner\"><\/div>\n\t\t<\/div>\n\t\t\t\t\t\t<\/div>\n\t\t\t\t<\/div>\n\t\t\t\t\t<\/div>\n\t\t<\/div>\n\t\t\t\t\t<\/div>\n\t\t<\/section>\n\t\t\t\t<section class=\"elementor-section elementor-top-section elementor-element elementor-element-71ddba0 elementor-section-boxed elementor-section-height-default elementor-section-height-default\" data-id=\"71ddba0\" data-element_type=\"section\" data-e-type=\"section\">\n\t\t\t\t\t\t<div class=\"elementor-container elementor-column-gap-default\">\n\t\t\t\t\t<div class=\"elementor-column elementor-col-100 elementor-top-column elementor-element elementor-element-db0b38d\" data-id=\"db0b38d\" data-element_type=\"column\" data-e-type=\"column\">\n\t\t\t<div class=\"elementor-widget-wrap elementor-element-populated\">\n\t\t\t\t\t\t<div class=\"elementor-element elementor-element-7477813 elementor-widget elementor-widget-shortcode\" data-id=\"7477813\" data-element_type=\"widget\" data-e-type=\"widget\" data-widget_type=\"shortcode.default\">\n\t\t\t\t<div class=\"elementor-widget-container\">\n\t\t\t\t\t\t\t<div class=\"elementor-shortcode\"><style>.wp-show-posts-columns#wpsp-269 {margin-left: -2em; }.wp-show-posts-columns#wpsp-269 .wp-show-posts-inner {margin: 0 0 2em 2em; }<\/style><section id=\"wpsp-269\" class=\" wp-show-posts-columns wp-show-posts\" style=\"\"><article class=\" wp-show-posts-single post-1219 post type-post status-publish format-standard has-post-thumbnail hentry category-obituarios wpsp-col-6\" itemtype=\"http:\/\/schema.org\/CreativeWork\" itemscope><div class=\"wp-show-posts-inner\" style=\"\">\t\t\t\t\t\t<header class=\"wp-show-posts-entry-header\">\n\t\t\t\t\t\t\t<h2 class=\"wp-show-posts-entry-title\" itemprop=\"headline\"><a href=\"https:\/\/funeralessanfrancisco.com\/?p=1219\" rel=\"bookmark\">Jose Virgilio Pazos Ronquillo<\/a><\/h2><div class=\"wp-show-posts-entry-meta wp-show-posts-entry-meta-below-title post-meta-inline\"><span class=\"wp-show-posts-posted-on wp-show-posts-meta\">\n\t\t\t\t\t<a href=\"https:\/\/funeralessanfrancisco.com\/?p=1219\" title=\"2:16 am\" rel=\"bookmark\"><time class=\"wp-show-posts-entry-date published\" datetime=\"2022-06-06T02:16:16+00:00\" itemprop=\"datePublished\">junio 6, 2022<\/time><time class=\"wp-show-posts-updated\" datetime=\"2022-06-06T02:16:17+00:00\" itemprop=\"dateModified\">junio 6, 2022<\/time><\/a>\n\t\t\t\t<\/span><\/div>\t\t\t\t\t\t<\/header><!-- .entry-header -->\n\t\t\t\t\t\t\t<div class=\"wp-show-posts-image  wpsp-image-left \">\n\t\t\t<a href=\"https:\/\/funeralessanfrancisco.com\/?p=1219\"  title=\"Jose Virgilio Pazos Ronquillo\">\t\t\t\t\t<img decoding=\"async\" src=\"https:\/\/funeralessanfrancisco.com\/wp-content\/uploads\/2022\/06\/programa-200x200.png\" alt=\"Jose Virgilio Pazos Ronquillo\" itemprop=\"image\" class=\"left\" \/>\n\t\t\t\t<\/a>\t\t<\/div>\n\t\t\t\t\t\t\t\t<div class=\"wp-show-posts-entry-summary\" itemprop=\"text\">\n\t\t\t\t\t\t\t\t\t\t\t\t\t<\/div><!-- .entry-summary -->\n\t\t\t\t\t<div class=\"wpsp-read-more\"><a title=\"Jose Virgilio Pazos Ronquillo\" class=\"wp-show-posts-read-more\" href=\"https:\/\/funeralessanfrancisco.com\/?p=1219\">M\u00e1s informaci\u00f3n<\/a><\/div><\/div><!-- wp-show-posts-inner --><\/article><article class=\" wp-show-posts-single post-1212 post type-post status-publish format-standard has-post-thumbnail hentry category-obituarios wpsp-col-6\" itemtype=\"http:\/\/schema.org\/CreativeWork\" itemscope><div class=\"wp-show-posts-inner\" style=\"\">\t\t\t\t\t\t<header class=\"wp-show-posts-entry-header\">\n\t\t\t\t\t\t\t<h2 class=\"wp-show-posts-entry-title\" itemprop=\"headline\"><a href=\"https:\/\/funeralessanfrancisco.com\/?p=1212\" rel=\"bookmark\">Jos\u00e9  Nehem\u00edas Jord\u00e1n Mart\u00ednez<\/a><\/h2><div class=\"wp-show-posts-entry-meta wp-show-posts-entry-meta-below-title post-meta-inline\"><span class=\"wp-show-posts-posted-on wp-show-posts-meta\">\n\t\t\t\t\t<a href=\"https:\/\/funeralessanfrancisco.com\/?p=1212\" title=\"5:07 pm\" rel=\"bookmark\"><time class=\"wp-show-posts-entry-date published\" datetime=\"2022-05-29T17:07:19+00:00\" itemprop=\"datePublished\">mayo 29, 2022<\/time><time class=\"wp-show-posts-updated\" datetime=\"2022-05-29T17:13:12+00:00\" itemprop=\"dateModified\">mayo 29, 2022<\/time><\/a>\n\t\t\t\t<\/span><\/div>\t\t\t\t\t\t<\/header><!-- .entry-header -->\n\t\t\t\t\t\t\t<div class=\"wp-show-posts-image  wpsp-image-left \">\n\t\t\t<a href=\"https:\/\/funeralessanfrancisco.com\/?p=1212\"  title=\"Jos\u00e9  Nehem\u00edas Jord\u00e1n Mart\u00ednez\">\t\t\t\t\t<img decoding=\"async\" src=\"https:\/\/funeralessanfrancisco.com\/wp-content\/uploads\/2022\/05\/fpd-200x200.png\" alt=\"Jos\u00e9  Nehem\u00edas Jord\u00e1n Mart\u00ednez\" itemprop=\"image\" class=\"left\" \/>\n\t\t\t\t<\/a>\t\t<\/div>\n\t\t\t\t\t\t\t\t<div class=\"wp-show-posts-entry-summary\" itemprop=\"text\">\n\t\t\t\t\t\t\t\t\t\t\t\t\t<\/div><!-- .entry-summary -->\n\t\t\t\t\t<div class=\"wpsp-read-more\"><a title=\"Jos\u00e9  Nehem\u00edas Jord\u00e1n Mart\u00ednez\" class=\"wp-show-posts-read-more\" href=\"https:\/\/funeralessanfrancisco.com\/?p=1212\">M\u00e1s informaci\u00f3n<\/a><\/div><\/div><!-- wp-show-posts-inner --><\/article><article class=\" wp-show-posts-single post-1208 post type-post status-publish format-standard has-post-thumbnail hentry category-obituarios wpsp-col-6\" itemtype=\"http:\/\/schema.org\/CreativeWork\" itemscope><div class=\"wp-show-posts-inner\" style=\"\">\t\t\t\t\t\t<header class=\"wp-show-posts-entry-header\">\n\t\t\t\t\t\t\t<h2 class=\"wp-show-posts-entry-title\" itemprop=\"headline\"><a href=\"https:\/\/funeralessanfrancisco.com\/?p=1208\" rel=\"bookmark\">Maria Gregoria Miguel<\/a><\/h2><div class=\"wp-show-posts-entry-meta wp-show-posts-entry-meta-below-title post-meta-inline\"><span class=\"wp-show-posts-posted-on wp-show-posts-meta\">\n\t\t\t\t\t<a href=\"https:\/\/funeralessanfrancisco.com\/?p=1208\" title=\"12:50 am\" rel=\"bookmark\"><time class=\"wp-show-posts-entry-date published\" datetime=\"2022-05-27T00:50:37+00:00\" itemprop=\"datePublished\">mayo 27, 2022<\/time><time class=\"wp-show-posts-updated\" datetime=\"2022-05-27T00:50:39+00:00\" itemprop=\"dateModified\">mayo 27, 2022<\/time><\/a>\n\t\t\t\t<\/span><\/div>\t\t\t\t\t\t<\/header><!-- .entry-header -->\n\t\t\t\t\t\t\t<div class=\"wp-show-posts-image  wpsp-image-left \">\n\t\t\t<a href=\"https:\/\/funeralessanfrancisco.com\/?p=1208\"  title=\"Maria Gregoria Miguel\">\t\t\t\t\t<img decoding=\"async\" src=\"https:\/\/funeralessanfrancisco.com\/wp-content\/uploads\/2022\/05\/foto-8x10-1-200x200.png\" alt=\"Maria Gregoria Miguel\" itemprop=\"image\" class=\"left\" \/>\n\t\t\t\t<\/a>\t\t<\/div>\n\t\t\t\t\t\t\t\t<div class=\"wp-show-posts-entry-summary\" itemprop=\"text\">\n\t\t\t\t\t\t\t\t\t\t\t\t\t<\/div><!-- .entry-summary -->\n\t\t\t\t\t<div class=\"wpsp-read-more\"><a title=\"Maria Gregoria Miguel\" class=\"wp-show-posts-read-more\" href=\"https:\/\/funeralessanfrancisco.com\/?p=1208\">M\u00e1s informaci\u00f3n<\/a><\/div><\/div><!-- wp-show-posts-inner --><\/article><article class=\" wp-show-posts-single post-1200 post type-post status-publish format-standard has-post-thumbnail hentry category-obituarios wpsp-col-6\" itemtype=\"http:\/\/schema.org\/CreativeWork\" itemscope><div class=\"wp-show-posts-inner\" style=\"\">\t\t\t\t\t\t<header class=\"wp-show-posts-entry-header\">\n\t\t\t\t\t\t\t<h2 class=\"wp-show-posts-entry-title\" itemprop=\"headline\"><a href=\"https:\/\/funeralessanfrancisco.com\/?p=1200\" rel=\"bookmark\">J\u00f3se Vicente L\u00f3pez M\u00e9ndez<\/a><\/h2><div class=\"wp-show-posts-entry-meta wp-show-posts-entry-meta-below-title post-meta-inline\"><span class=\"wp-show-posts-posted-on wp-show-posts-meta\">\n\t\t\t\t\t<a href=\"https:\/\/funeralessanfrancisco.com\/?p=1200\" title=\"4:11 pm\" rel=\"bookmark\"><time class=\"wp-show-posts-entry-date published\" datetime=\"2022-05-25T16:11:56+00:00\" itemprop=\"datePublished\">mayo 25, 2022<\/time><time class=\"wp-show-posts-updated\" datetime=\"2022-05-25T16:19:46+00:00\" itemprop=\"dateModified\">mayo 25, 2022<\/time><\/a>\n\t\t\t\t<\/span><\/div>\t\t\t\t\t\t<\/header><!-- .entry-header -->\n\t\t\t\t\t\t\t<div class=\"wp-show-posts-image  wpsp-image-left \">\n\t\t\t<a href=\"https:\/\/funeralessanfrancisco.com\/?p=1200\"  title=\"J\u00f3se Vicente L\u00f3pez M\u00e9ndez\">\t\t\t\t\t<img decoding=\"async\" src=\"https:\/\/funeralessanfrancisco.com\/wp-content\/uploads\/2022\/05\/WhatsApp-Image-2022-05-25-at-9.56.33-AM-200x200.jpeg\" alt=\"J\u00f3se Vicente L\u00f3pez M\u00e9ndez\" itemprop=\"image\" class=\"left\" \/>\n\t\t\t\t<\/a>\t\t<\/div>\n\t\t\t\t\t\t\t\t<div class=\"wp-show-posts-entry-summary\" itemprop=\"text\">\n\t\t\t\t\t\t\t\t\t\t\t\t\t<\/div><!-- .entry-summary -->\n\t\t\t\t\t<div class=\"wpsp-read-more\"><a title=\"J\u00f3se Vicente L\u00f3pez M\u00e9ndez\" class=\"wp-show-posts-read-more\" href=\"https:\/\/funeralessanfrancisco.com\/?p=1200\">M\u00e1s informaci\u00f3n<\/a><\/div><\/div><!-- wp-show-posts-inner --><\/article><article class=\" wp-show-posts-single post-1196 post type-post status-publish format-standard has-post-thumbnail hentry category-obituarios wpsp-col-6\" itemtype=\"http:\/\/schema.org\/CreativeWork\" itemscope><div class=\"wp-show-posts-inner\" style=\"\">\t\t\t\t\t\t<header class=\"wp-show-posts-entry-header\">\n\t\t\t\t\t\t\t<h2 class=\"wp-show-posts-entry-title\" itemprop=\"headline\"><a href=\"https:\/\/funeralessanfrancisco.com\/?p=1196\" rel=\"bookmark\">Manuel Enrique Coronado M\u00e9ndez<\/a><\/h2><div class=\"wp-show-posts-entry-meta wp-show-posts-entry-meta-below-title post-meta-inline\"><span class=\"wp-show-posts-posted-on wp-show-posts-meta\">\n\t\t\t\t\t<a href=\"https:\/\/funeralessanfrancisco.com\/?p=1196\" title=\"10:41 pm\" rel=\"bookmark\"><time class=\"wp-show-posts-entry-date published\" datetime=\"2022-05-22T22:41:38+00:00\" itemprop=\"datePublished\">mayo 22, 2022<\/time><time class=\"wp-show-posts-updated\" datetime=\"2022-05-22T22:41:40+00:00\" itemprop=\"dateModified\">mayo 22, 2022<\/time><\/a>\n\t\t\t\t<\/span><\/div>\t\t\t\t\t\t<\/header><!-- .entry-header -->\n\t\t\t\t\t\t\t<div class=\"wp-show-posts-image  wpsp-image-left \">\n\t\t\t<a href=\"https:\/\/funeralessanfrancisco.com\/?p=1196\"  title=\"Manuel Enrique Coronado M\u00e9ndez\">\t\t\t\t\t<img decoding=\"async\" src=\"https:\/\/funeralessanfrancisco.com\/wp-content\/uploads\/2022\/05\/hgiu-200x200.png\" alt=\"Manuel Enrique Coronado M\u00e9ndez\" itemprop=\"image\" class=\"left\" \/>\n\t\t\t\t<\/a>\t\t<\/div>\n\t\t\t\t\t\t\t\t<div class=\"wp-show-posts-entry-summary\" itemprop=\"text\">\n\t\t\t\t\t\t\t\t\t\t\t\t\t<\/div><!-- .entry-summary -->\n\t\t\t\t\t<div class=\"wpsp-read-more\"><a title=\"Manuel Enrique Coronado M\u00e9ndez\" class=\"wp-show-posts-read-more\" href=\"https:\/\/funeralessanfrancisco.com\/?p=1196\">M\u00e1s informaci\u00f3n<\/a><\/div><\/div><!-- wp-show-posts-inner --><\/article><article class=\" wp-show-posts-single post-1192 post type-post status-publish format-standard has-post-thumbnail hentry category-obituarios wpsp-col-6\" itemtype=\"http:\/\/schema.org\/CreativeWork\" itemscope><div class=\"wp-show-posts-inner\" style=\"\">\t\t\t\t\t\t<header class=\"wp-show-posts-entry-header\">\n\t\t\t\t\t\t\t<h2 class=\"wp-show-posts-entry-title\" itemprop=\"headline\"><a href=\"https:\/\/funeralessanfrancisco.com\/?p=1192\" rel=\"bookmark\">Zoila Yesenia Agosto Ramos<\/a><\/h2><div class=\"wp-show-posts-entry-meta wp-show-posts-entry-meta-below-title post-meta-inline\"><span class=\"wp-show-posts-posted-on wp-show-posts-meta\">\n\t\t\t\t\t<a href=\"https:\/\/funeralessanfrancisco.com\/?p=1192\" title=\"5:36 pm\" rel=\"bookmark\"><time class=\"wp-show-posts-entry-date published\" datetime=\"2022-05-21T17:36:28+00:00\" itemprop=\"datePublished\">mayo 21, 2022<\/time><time class=\"wp-show-posts-updated\" datetime=\"2022-05-21T17:36:29+00:00\" itemprop=\"dateModified\">mayo 21, 2022<\/time><\/a>\n\t\t\t\t<\/span><\/div>\t\t\t\t\t\t<\/header><!-- .entry-header -->\n\t\t\t\t\t\t\t<div class=\"wp-show-posts-image  wpsp-image-left \">\n\t\t\t<a href=\"https:\/\/funeralessanfrancisco.com\/?p=1192\"  title=\"Zoila Yesenia Agosto Ramos\">\t\t\t\t\t<img decoding=\"async\" src=\"https:\/\/funeralessanfrancisco.com\/wp-content\/uploads\/2022\/05\/WhatsApp-Image-2022-05-21-at-9.13.22-AM-200x200.jpeg\" alt=\"Zoila Yesenia Agosto Ramos\" itemprop=\"image\" class=\"left\" \/>\n\t\t\t\t<\/a>\t\t<\/div>\n\t\t\t\t\t\t\t\t<div class=\"wp-show-posts-entry-summary\" itemprop=\"text\">\n\t\t\t\t\t\t\t\t\t\t\t\t\t<\/div><!-- .entry-summary -->\n\t\t\t\t\t<div class=\"wpsp-read-more\"><a title=\"Zoila Yesenia Agosto Ramos\" class=\"wp-show-posts-read-more\" href=\"https:\/\/funeralessanfrancisco.com\/?p=1192\">M\u00e1s informaci\u00f3n<\/a><\/div><\/div><!-- wp-show-posts-inner --><\/article><article class=\" wp-show-posts-single post-1163 post type-post status-publish format-standard has-post-thumbnail hentry category-obituarios wpsp-col-6\" itemtype=\"http:\/\/schema.org\/CreativeWork\" itemscope><div class=\"wp-show-posts-inner\" style=\"\">\t\t\t\t\t\t<header class=\"wp-show-posts-entry-header\">\n\t\t\t\t\t\t\t<h2 class=\"wp-show-posts-entry-title\" itemprop=\"headline\"><a href=\"https:\/\/funeralessanfrancisco.com\/?p=1163\" rel=\"bookmark\">Federico Arias Mej\u00eda<\/a><\/h2><div class=\"wp-show-posts-entry-meta wp-show-posts-entry-meta-below-title post-meta-inline\"><span class=\"wp-show-posts-posted-on wp-show-posts-meta\">\n\t\t\t\t\t<a href=\"https:\/\/funeralessanfrancisco.com\/?p=1163\" title=\"4:07 pm\" rel=\"bookmark\"><time class=\"wp-show-posts-entry-date published\" datetime=\"2022-05-20T16:07:56+00:00\" itemprop=\"datePublished\">mayo 20, 2022<\/time><time class=\"wp-show-posts-updated\" datetime=\"2022-05-20T16:07:58+00:00\" itemprop=\"dateModified\">mayo 20, 2022<\/time><\/a>\n\t\t\t\t<\/span><\/div>\t\t\t\t\t\t<\/header><!-- .entry-header -->\n\t\t\t\t\t\t\t<div class=\"wp-show-posts-image  wpsp-image-left \">\n\t\t\t<a href=\"https:\/\/funeralessanfrancisco.com\/?p=1163\"  title=\"Federico Arias Mej\u00eda\">\t\t\t\t\t<img decoding=\"async\" src=\"https:\/\/funeralessanfrancisco.com\/wp-content\/uploads\/2022\/05\/WhatsApp-Image-2022-05-20-at-9.56.32-AM-200x200.jpeg\" alt=\"Federico Arias Mej\u00eda\" itemprop=\"image\" class=\"left\" \/>\n\t\t\t\t<\/a>\t\t<\/div>\n\t\t\t\t\t\t\t\t<div class=\"wp-show-posts-entry-summary\" itemprop=\"text\">\n\t\t\t\t\t\t\t\t\t\t\t\t\t<\/div><!-- .entry-summary -->\n\t\t\t\t\t<div class=\"wpsp-read-more\"><a title=\"Federico Arias Mej\u00eda\" class=\"wp-show-posts-read-more\" href=\"https:\/\/funeralessanfrancisco.com\/?p=1163\">M\u00e1s informaci\u00f3n<\/a><\/div><\/div><!-- wp-show-posts-inner --><\/article><article class=\" wp-show-posts-single post-1159 post type-post status-publish format-standard has-post-thumbnail hentry category-obituarios wpsp-col-6\" itemtype=\"http:\/\/schema.org\/CreativeWork\" itemscope><div class=\"wp-show-posts-inner\" style=\"\">\t\t\t\t\t\t<header class=\"wp-show-posts-entry-header\">\n\t\t\t\t\t\t\t<h2 class=\"wp-show-posts-entry-title\" itemprop=\"headline\"><a href=\"https:\/\/funeralessanfrancisco.com\/?p=1159\" rel=\"bookmark\">Alicia del Carmen Mart\u00ednez<\/a><\/h2><div class=\"wp-show-posts-entry-meta wp-show-posts-entry-meta-below-title post-meta-inline\"><span class=\"wp-show-posts-posted-on wp-show-posts-meta\">\n\t\t\t\t\t<a href=\"https:\/\/funeralessanfrancisco.com\/?p=1159\" title=\"3:41 pm\" rel=\"bookmark\"><time class=\"wp-show-posts-entry-date published\" datetime=\"2022-05-20T15:41:27+00:00\" itemprop=\"datePublished\">mayo 20, 2022<\/time><time class=\"wp-show-posts-updated\" datetime=\"2022-05-20T15:41:29+00:00\" itemprop=\"dateModified\">mayo 20, 2022<\/time><\/a>\n\t\t\t\t<\/span><\/div>\t\t\t\t\t\t<\/header><!-- .entry-header -->\n\t\t\t\t\t\t\t<div class=\"wp-show-posts-image  wpsp-image-left \">\n\t\t\t<a href=\"https:\/\/funeralessanfrancisco.com\/?p=1159\"  title=\"Alicia del Carmen Mart\u00ednez\">\t\t\t\t\t<img decoding=\"async\" src=\"https:\/\/funeralessanfrancisco.com\/wp-content\/uploads\/2022\/05\/f3ba6a0b-dfd0-46bc-9262-30544a2984b0-200x200.jpg\" alt=\"Alicia del Carmen Mart\u00ednez\" itemprop=\"image\" class=\"left\" \/>\n\t\t\t\t<\/a>\t\t<\/div>\n\t\t\t\t\t\t\t\t<div class=\"wp-show-posts-entry-summary\" itemprop=\"text\">\n\t\t\t\t\t\t\t\t\t\t\t\t\t<\/div><!-- .entry-summary -->\n\t\t\t\t\t<div class=\"wpsp-read-more\"><a title=\"Alicia del Carmen Mart\u00ednez\" class=\"wp-show-posts-read-more\" href=\"https:\/\/funeralessanfrancisco.com\/?p=1159\">M\u00e1s informaci\u00f3n<\/a><\/div><\/div><!-- wp-show-posts-inner --><\/article><article class=\" wp-show-posts-single post-1155 post type-post status-publish format-standard has-post-thumbnail hentry category-obituarios wpsp-col-6\" itemtype=\"http:\/\/schema.org\/CreativeWork\" itemscope><div class=\"wp-show-posts-inner\" style=\"\">\t\t\t\t\t\t<header class=\"wp-show-posts-entry-header\">\n\t\t\t\t\t\t\t<h2 class=\"wp-show-posts-entry-title\" itemprop=\"headline\"><a href=\"https:\/\/funeralessanfrancisco.com\/?p=1155\" rel=\"bookmark\">Marta Guerra D\u00edaz<\/a><\/h2><div class=\"wp-show-posts-entry-meta wp-show-posts-entry-meta-below-title post-meta-inline\"><span class=\"wp-show-posts-posted-on wp-show-posts-meta\">\n\t\t\t\t\t<a href=\"https:\/\/funeralessanfrancisco.com\/?p=1155\" title=\"3:36 pm\" rel=\"bookmark\"><time class=\"wp-show-posts-entry-date published\" datetime=\"2022-05-20T15:36:05+00:00\" itemprop=\"datePublished\">mayo 20, 2022<\/time><time class=\"wp-show-posts-updated\" datetime=\"2022-05-20T15:36:07+00:00\" itemprop=\"dateModified\">mayo 20, 2022<\/time><\/a>\n\t\t\t\t<\/span><\/div>\t\t\t\t\t\t<\/header><!-- .entry-header -->\n\t\t\t\t\t\t\t<div class=\"wp-show-posts-image  wpsp-image-left \">\n\t\t\t<a href=\"https:\/\/funeralessanfrancisco.com\/?p=1155\"  title=\"Marta Guerra D\u00edaz\">\t\t\t\t\t<img decoding=\"async\" src=\"https:\/\/funeralessanfrancisco.com\/wp-content\/uploads\/2022\/05\/o8-200x200.png\" alt=\"Marta Guerra D\u00edaz\" itemprop=\"image\" class=\"left\" \/>\n\t\t\t\t<\/a>\t\t<\/div>\n\t\t\t\t\t\t\t\t<div class=\"wp-show-posts-entry-summary\" itemprop=\"text\">\n\t\t\t\t\t\t\t\t\t\t\t\t\t<\/div><!-- .entry-summary -->\n\t\t\t\t\t<div class=\"wpsp-read-more\"><a title=\"Marta Guerra D\u00edaz\" class=\"wp-show-posts-read-more\" href=\"https:\/\/funeralessanfrancisco.com\/?p=1155\">M\u00e1s informaci\u00f3n<\/a><\/div><\/div><!-- wp-show-posts-inner --><\/article><article class=\" wp-show-posts-single post-1150 post type-post status-publish format-standard has-post-thumbnail hentry category-obituarios wpsp-col-6\" itemtype=\"http:\/\/schema.org\/CreativeWork\" itemscope><div class=\"wp-show-posts-inner\" style=\"\">\t\t\t\t\t\t<header class=\"wp-show-posts-entry-header\">\n\t\t\t\t\t\t\t<h2 class=\"wp-show-posts-entry-title\" itemprop=\"headline\"><a href=\"https:\/\/funeralessanfrancisco.com\/?p=1150\" rel=\"bookmark\">Mar\u00eda Adela Mart\u00ednez de P\u00e9rez<\/a><\/h2><div class=\"wp-show-posts-entry-meta wp-show-posts-entry-meta-below-title post-meta-inline\"><span class=\"wp-show-posts-posted-on wp-show-posts-meta\">\n\t\t\t\t\t<a href=\"https:\/\/funeralessanfrancisco.com\/?p=1150\" title=\"3:22 pm\" rel=\"bookmark\"><time class=\"wp-show-posts-entry-date published\" datetime=\"2022-05-18T15:22:02+00:00\" itemprop=\"datePublished\">mayo 18, 2022<\/time><time class=\"wp-show-posts-updated\" datetime=\"2022-05-18T15:22:04+00:00\" itemprop=\"dateModified\">mayo 18, 2022<\/time><\/a>\n\t\t\t\t<\/span><\/div>\t\t\t\t\t\t<\/header><!-- .entry-header -->\n\t\t\t\t\t\t\t<div class=\"wp-show-posts-image  wpsp-image-left \">\n\t\t\t<a href=\"https:\/\/funeralessanfrancisco.com\/?p=1150\"  title=\"Mar\u00eda Adela Mart\u00ednez de P\u00e9rez\">\t\t\t\t\t<img decoding=\"async\" src=\"https:\/\/funeralessanfrancisco.com\/wp-content\/uploads\/2022\/05\/adela-200x200.png\" alt=\"Mar\u00eda Adela Mart\u00ednez de P\u00e9rez\" itemprop=\"image\" class=\"left\" \/>\n\t\t\t\t<\/a>\t\t<\/div>\n\t\t\t\t\t\t\t\t<div class=\"wp-show-posts-entry-summary\" itemprop=\"text\">\n\t\t\t\t\t\t\t\t\t\t\t\t\t<\/div><!-- .entry-summary -->\n\t\t\t\t\t<div class=\"wpsp-read-more\"><a title=\"Mar\u00eda Adela Mart\u00ednez de P\u00e9rez\" class=\"wp-show-posts-read-more\" href=\"https:\/\/funeralessanfrancisco.com\/?p=1150\">M\u00e1s informaci\u00f3n<\/a><\/div><\/div><!-- wp-show-posts-inner --><\/article><div class=\"wpsp-clear\"><\/div><\/section><!-- .wp-show-posts --><\/div>\n\t\t\t\t\t\t<\/div>\n\t\t\t\t<\/div>\n\t\t\t\t\t<\/div>\n\t\t<\/div>\n\t\t\t\t\t<\/div>\n\t\t<\/section>\n\t\t\t\t<\/div>\n\t\t","protected":false},"excerpt":{"rendered":"<p>Obituarios<\/p>\n","protected":false},"author":1,"featured_media":0,"parent":0,"menu_order":0,"comment_status":"closed","ping_status":"closed","template":"elementor_header_footer","meta":{"neve_meta_sidebar":"","neve_meta_container":"","neve_meta_enable_content_width":"","neve_meta_content_width":0,"neve_meta_title_alignment":"","neve_meta_author_avatar":"","neve_post_elements_order":"","neve_meta_disable_header":"","neve_meta_disable_footer":"","neve_meta_disable_title":"","_joinchat":[],"footnotes":""},"class_list":["post-282","page","type-page","status-publish","hentry"],"_links":{"self":[{"href":"https:\/\/funeralessanfrancisco.com\/index.php?rest_route=\/wp\/v2\/pages\/282","targetHints":{"allow":["GET"]}}],"collection":[{"href":"https:\/\/funeralessanfrancisco.com\/index.php?rest_route=\/wp\/v2\/pages"}],"about":[{"href":"https:\/\/funeralessanfrancisco.com\/index.php?rest_route=\/wp\/v2\/types\/page"}],"author":[{"embeddable":true,"href":"https:\/\/funeralessanfrancisco.com\/index.php?rest_route=\/wp\/v2\/users\/1"}],"replies":[{"embeddable":true,"href":"https:\/\/funeralessanfrancisco.com\/index.php?rest_route=%2Fwp%2Fv2%2Fcomments&post=282"}],"version-history":[{"count":20,"href":"https:\/\/funeralessanfrancisco.com\/index.php?rest_route=\/wp\/v2\/pages\/282\/revisions"}],"predecessor-version":[{"id":1187,"href":"https:\/\/funeralessanfrancisco.com\/index.php?rest_route=\/wp\/v2\/pages\/282\/revisions\/1187"}],"wp:attachment":[{"href":"https:\/\/funeralessanfrancisco.com\/index.php?rest_route=%2Fwp%2Fv2%2Fmedia&parent=282"}],"curies":[{"name":"wp","href":"https:\/\/api.w.org\/{rel}","templated":true}]}}